{"id":1391,"date":"2020-04-23T19:50:56","date_gmt":"2020-04-23T19:50:56","guid":{"rendered":"https:\/\/staging.ezsign.ca\/contactez-nous\/"},"modified":"2026-03-06T15:30:05","modified_gmt":"2026-03-06T15:30:05","slug":"contactez-nous","status":"publish","type":"page","link":"https:\/\/www.ezsign.com\/fr\/contactez-nous\/","title":{"rendered":"Contactez-nous"},"content":{"rendered":"\t\t<div data-elementor-type=\"wp-page\" data-elementor-id=\"1391\" class=\"elementor elementor-1391 elementor-174\" data-elementor-post-type=\"page\">\n\t\t\t\t\t\t<section class=\"elementor-section elementor-top-section elementor-element elementor-element-5c057eba elementor-section-stretched elementor-section-boxed elementor-section-height-default elementor-section-height-default\" data-id=\"5c057eba\" data-element_type=\"section\" data-e-type=\"section\" data-settings=\"{&quot;stretch_section&quot;:&quot;section-stretched&quot;}\">\n\t\t\t\t\t\t<div class=\"elementor-container elementor-column-gap-default\">\n\t\t\t\t\t<div class=\"elementor-column elementor-col-33 elementor-top-column elementor-element elementor-element-76e6d64 elementor-invisible\" data-id=\"76e6d64\" data-element_type=\"column\" data-e-type=\"column\" data-settings=\"{&quot;animation&quot;:&quot;fadeIn&quot;}\">\n\t\t\t<div class=\"elementor-widget-wrap elementor-element-populated\">\n\t\t\t\t\t\t<div class=\"elementor-element elementor-element-28c5f549 elementor-widget elementor-widget-text-editor\" data-id=\"28c5f549\" data-element_type=\"widget\" data-e-type=\"widget\" data-widget_type=\"text-editor.default\">\n\t\t\t\t<div class=\"elementor-widget-container\">\n\t\t\t\t\t\t\t\t\t<p>Besoin d\u2019aide?<\/p>\n\t\t\t\t\t\t\t\t<\/div>\n\t\t\t\t<\/div>\n\t\t\t\t<div class=\"elementor-element elementor-element-a1f7300 elementor-widget elementor-widget-text-editor\" data-id=\"a1f7300\" data-element_type=\"widget\" data-e-type=\"widget\" data-widget_type=\"text-editor.default\">\n\t\t\t\t<div class=\"elementor-widget-container\">\n\t\t\t\t\t\t\t\t\tRendez-vous sur votre compte eZsign et cliquez sur l\u2019ic\u00f4ne \u00ab?\u00bb pour cr\u00e9er un billet pour votre demande. \t\t\t\t\t\t\t\t<\/div>\n\t\t\t\t<\/div>\n\t\t\t\t<div class=\"elementor-element elementor-element-647d1416 elementor-widget elementor-widget-text-editor\" data-id=\"647d1416\" data-element_type=\"widget\" data-e-type=\"widget\" data-widget_type=\"text-editor.default\">\n\t\t\t\t<div class=\"elementor-widget-container\">\n\t\t\t\t\t\t\t\t\t<p>Vous pouvez \u00e9galement trouver la r\u00e9ponse \u00e0 votre question sur notre page <a href=\"https:\/\/www.ezsign.com\/fr\/foire-aux-questions\/\">FAQ<\/a>.<\/p><p>Pour toute autre demande, veuillez soumettre le formulaire. Un membre de notre \u00e9quipe vous r\u00e9pondra sous peu.<\/p><p><strong>Heures d\u2019ouverture:<\/strong><\/p><p>Lundi au Jeudi : 8h00 \u00e0 17h00 HE<br \/>Vendredi : 8h30 \u00e0 17h00 HE<\/p><p>1-844-EZSIGN1 (1-844-397-4461)<\/p><p><em>Les Solutions eZmax inc. est la soci\u00e9t\u00e9 m\u00e8re d\u2019eZsign.<\/em><\/p>\t\t\t\t\t\t\t\t<\/div>\n\t\t\t\t<\/div>\n\t\t\t\t\t<\/div>\n\t\t<\/div>\n\t\t\t\t<div class=\"elementor-column elementor-col-33 elementor-top-column elementor-element elementor-element-3c5fa195\" data-id=\"3c5fa195\" data-element_type=\"column\" data-e-type=\"column\">\n\t\t\t<div class=\"elementor-widget-wrap\">\n\t\t\t\t\t\t\t<\/div>\n\t\t<\/div>\n\t\t\t\t<div class=\"elementor-column elementor-col-33 elementor-top-column elementor-element elementor-element-5eecfef7 elementor-invisible\" data-id=\"5eecfef7\" data-element_type=\"column\" data-e-type=\"column\" data-settings=\"{&quot;animation&quot;:&quot;fadeInRight&quot;}\">\n\t\t\t<div class=\"elementor-widget-wrap elementor-element-populated\">\n\t\t\t\t\t\t<div class=\"elementor-element elementor-element-3803d26 elementor-widget elementor-widget-html\" data-id=\"3803d26\" data-element_type=\"widget\" data-e-type=\"widget\" data-widget_type=\"html.default\">\n\t\t\t\t<div class=\"elementor-widget-container\">\n\t\t\t\t\t<iframe data-src=\"https:\/\/www.google.com\/maps\/embed?pb=!1m18!1m12!1m3!1d2793.2324185274015!2d-73.75724082372044!3d45.56576457107578!2m3!1f0!2f0!3f0!3m2!1i1024!2i768!4f13.1!3m3!1m2!1s0x4cc923ea07078461%3A0xdd7e14b692ef29f2!2seZsign%20E-Signature!5e0!3m2!1sen!2sca!4v1752644728882!5m2!1sen!2sca\" width=\"800\" height=\"600\" style=\"border:0;\" allowfullscreen=\"\" referrerpolicy=\"no-referrer-when-downgrade\" src=\"data:image\/svg+xml;base64,PHN2ZyB3aWR0aD0iMSIgaGVpZ2h0PSIxIiB4bWxucz0iaHR0cDovL3d3dy53My5vcmcvMjAwMC9zdmciPjwvc3ZnPg==\" class=\"lazyload\" data-load-mode=\"1\"><\/iframe>\t\t\t\t<\/div>\n\t\t\t\t<\/div>\n\t\t\t\t\t<\/div>\n\t\t<\/div>\n\t\t\t\t\t<\/div>\n\t\t<\/section>\n\t\t\t\t<section class=\"elementor-section elementor-top-section elementor-element elementor-element-b70e79d elementor-section-stretched elementor-section-boxed elementor-section-height-default elementor-section-height-default\" data-id=\"b70e79d\" data-element_type=\"section\" data-e-type=\"section\" data-settings=\"{&quot;stretch_section&quot;:&quot;section-stretched&quot;}\">\n\t\t\t\t\t\t<div class=\"elementor-container elementor-column-gap-default\">\n\t\t\t\t\t<div class=\"elementor-column elementor-col-100 elementor-top-column elementor-element elementor-element-3a848af\" data-id=\"3a848af\" data-element_type=\"column\" data-e-type=\"column\">\n\t\t\t<div class=\"elementor-widget-wrap elementor-element-populated\">\n\t\t\t\t\t\t<div class=\"elementor-element elementor-element-417c03e elementor-widget elementor-widget-menu-anchor\" data-id=\"417c03e\" data-element_type=\"widget\" data-e-type=\"widget\" data-widget_type=\"menu-anchor.default\">\n\t\t\t\t<div class=\"elementor-widget-container\">\n\t\t\t\t\t\t\t<div class=\"elementor-menu-anchor\" id=\"form\"><\/div>\n\t\t\t\t\t\t<\/div>\n\t\t\t\t<\/div>\n\t\t\t\t<div class=\"elementor-element elementor-element-90a011b elementor-hidden-desktop elementor-hidden-laptop elementor-hidden-tablet_extra elementor-hidden-tablet elementor-hidden-mobile elementor-widget elementor-widget-html\" data-id=\"90a011b\" data-element_type=\"widget\" data-e-type=\"widget\" data-widget_type=\"html.default\">\n\t\t\t\t<div class=\"elementor-widget-container\">\n\t\t\t\t\t<script charset=\"utf-8\" type=\"text\/javascript\" src=\"\/\/js.hsforms.net\/forms\/embed\/v2.js\"><\/script>\r\n\r\n<script>\r\n\r\n  hbspt.forms.create({\r\n\r\n    region: \"na1\",\r\n\r\n    portalId: \"39904265\",\r\n\r\n    formId: \"5183805a-1304-46f1-858d-1c751e7a1c5b\"\r\n\r\n  });\r\n\r\n<\/script>\t\t\t\t<\/div>\n\t\t\t\t<\/div>\n\t\t\t\t<div class=\"elementor-element elementor-element-a66372a elementor-widget elementor-widget-html\" data-id=\"a66372a\" data-element_type=\"widget\" data-e-type=\"widget\" data-widget_type=\"html.default\">\n\t\t\t\t<div class=\"elementor-widget-container\">\n\t\t\t\t\t<script charset=\"utf-8\" type=\"text\/javascript\" src=\"\/\/js.hsforms.net\/forms\/embed\/v2.js\"><\/script>\n<script>\n\nhbspt.forms.create({\n\nportalId: \"39904265\",\n\nformId: \"e9b85675-e4eb-4cea-8a84-bda622757a89\",\n\nregion: \"na1\"\n\n});\n<\/script>\t\t\t\t<\/div>\n\t\t\t\t<\/div>\n\t\t\t\t<section class=\"elementor-section elementor-inner-section elementor-element elementor-element-a7e1f86 elementor-section-boxed elementor-section-height-default elementor-section-height-default\" data-id=\"a7e1f86\" data-element_type=\"section\" data-e-type=\"section\">\n\t\t\t\t\t\t<div class=\"elementor-container elementor-column-gap-default\">\n\t\t\t\t\t<div class=\"elementor-column elementor-col-100 elementor-inner-column elementor-element elementor-element-798402f\" data-id=\"798402f\" data-element_type=\"column\" data-e-type=\"column\" data-settings=\"{&quot;background_background&quot;:&quot;classic&quot;}\">\n\t\t\t<div class=\"elementor-widget-wrap elementor-element-populated\">\n\t\t\t\t\t\t<div class=\"elementor-element elementor-element-6bcfe41 elementor-widget elementor-widget-text-editor\" data-id=\"6bcfe41\" data-element_type=\"widget\" data-e-type=\"widget\" data-widget_type=\"text-editor.default\">\n\t\t\t\t<div class=\"elementor-widget-container\">\n\t\t\t\t\t\t\t\t\t<p>Ligne d&rsquo;assistance en mati\u00e8re d\u2019\u00e9thique<\/p>\n\t\t\t\t\t\t\t\t<\/div>\n\t\t\t\t<\/div>\n\t\t\t\t<div class=\"elementor-element elementor-element-ad058c2 elementor-widget elementor-widget-text-editor\" data-id=\"ad058c2\" data-element_type=\"widget\" data-e-type=\"widget\" data-widget_type=\"text-editor.default\">\n\t\t\t\t<div class=\"elementor-widget-container\">\n\t\t\t\t\t\t\t\t\teZmax s\u2019impose des normes \u00e9thiques \u00e9lev\u00e9es et s\u2019attend \u00e0 ce que ses employ\u00e9s et ses repr\u00e9sentants fassent preuve d\u2019honn\u00eatet\u00e9 et d\u2019int\u00e9grit\u00e9 dans le cadre de leurs responsabilit\u00e9s et se conforment \u00e0 toutes les lois et \u00e0 tous les r\u00e8glements en vigueur. Dans le cadre de cet engagement continu, eZmax dispose d\u2019une ligne d\u2019assistance en mati\u00e8re d\u2019\u00e9thique, qui est confidentielle et, au besoin, anonyme.\t\t\t\t\t\t\t\t<\/div>\n\t\t\t\t<\/div>\n\t\t\t\t<div class=\"elementor-element elementor-element-b7604d8 elementor-widget elementor-widget-text-editor\" data-id=\"b7604d8\" data-element_type=\"widget\" data-e-type=\"widget\" data-widget_type=\"text-editor.default\">\n\t\t\t\t<div class=\"elementor-widget-container\">\n\t\t\t\t\t\t\t\t\t<p style=\"text-align: center;\"><a href=\"https:\/\/ethic.ezmax.com\/#\/?lang=fr\">En apprendre davantage<\/a><\/p>\t\t\t\t\t\t\t\t<\/div>\n\t\t\t\t<\/div>\n\t\t\t\t\t<\/div>\n\t\t<\/div>\n\t\t\t\t\t<\/div>\n\t\t<\/section>\n\t\t\t\t\t<\/div>\n\t\t<\/div>\n\t\t\t\t\t<\/div>\n\t\t<\/section>\n\t\t\t\t<\/div>\n\t\t","protected":false},"excerpt":{"rendered":"<p>Besoin d\u2019aide? Rendez-vous sur votre compte eZsign et cliquez sur l\u2019ic\u00f4ne \u00ab?\u00bb pour cr\u00e9er un billet pour votre demande. Vous pouvez \u00e9galement trouver la r\u00e9ponse \u00e0 votre question sur notre page FAQ. Pour toute autre demande, veuillez soumettre le formulaire. Un membre de notre \u00e9quipe vous r\u00e9pondra sous peu. Heures d\u2019ouverture: Lundi au Jeudi : [&hellip;]<\/p>\n","protected":false},"author":11,"featured_media":1319,"parent":0,"menu_order":0,"comment_status":"closed","ping_status":"closed","template":"elementor_header_footer","meta":{"content-type":"","footnotes":""},"class_list":["post-1391","page","type-page","status-publish","has-post-thumbnail","hentry"],"yoast_head":"<!-- This site is optimized with the Yoast SEO Premium plugin v25.1 (Yoast SEO v27.4) - https:\/\/yoast.com\/product\/yoast-seo-premium-wordpress\/ -->\n<title>Contactez-Nous eZsign<\/title>\n<meta name=\"description\" content=\"Besoin d&#039;aide? 1-844-397-4461\" \/>\n<meta name=\"robots\" content=\"index, follow, max-snippet:-1, max-image-preview:large, max-video-preview:-1\" \/>\n<link rel=\"canonical\" href=\"https:\/\/www.ezsign.com\/fr\/contactez-nous\/\" \/>\n<meta property=\"og:locale\" content=\"fr_FR\" \/>\n<meta property=\"og:type\" content=\"article\" \/>\n<meta property=\"og:title\" content=\"Contactez-nous\" \/>\n<meta property=\"og:description\" content=\"Besoin d\u2019aide? Rendez-vous sur votre compte eZsign et cliquez sur l\u2019ic\u00f4ne \u00ab?\u00bb pour cr\u00e9er un billet pour votre demande. Vous pouvez \u00e9galement trouver la\" \/>\n<meta property=\"og:url\" content=\"https:\/\/www.ezsign.com\/fr\/contactez-nous\/\" \/>\n<meta property=\"og:site_name\" content=\"eZsign\" \/>\n<meta property=\"article:publisher\" content=\"https:\/\/www.facebook.com\/ezsign.ca\" \/>\n<meta property=\"article:modified_time\" content=\"2026-03-06T15:30:05+00:00\" \/>\n<meta property=\"og:image\" content=\"https:\/\/www.ezsign.com\/wp-content\/uploads\/2020\/04\/About_Us_eZsign_e-signature.jpg\" \/>\n\t<meta property=\"og:image:width\" content=\"1655\" \/>\n\t<meta property=\"og:image:height\" content=\"1104\" \/>\n\t<meta property=\"og:image:type\" content=\"image\/jpeg\" \/>\n<meta name=\"twitter:card\" content=\"summary_large_image\" \/>\n<meta name=\"twitter:label1\" content=\"Dur\u00e9e de lecture estim\u00e9e\" \/>\n\t<meta name=\"twitter:data1\" content=\"1 minute\" \/>\n<script type=\"application\/ld+json\" class=\"yoast-schema-graph\">{\"@context\":\"https:\\\/\\\/schema.org\",\"@graph\":[{\"@type\":\"WebPage\",\"@id\":\"https:\\\/\\\/www.ezsign.com\\\/fr\\\/contactez-nous\\\/\",\"url\":\"https:\\\/\\\/www.ezsign.com\\\/fr\\\/contactez-nous\\\/\",\"name\":\"Contactez-Nous eZsign\",\"isPartOf\":{\"@id\":\"https:\\\/\\\/www.ezsign.com\\\/fr\\\/#website\"},\"primaryImageOfPage\":{\"@id\":\"https:\\\/\\\/www.ezsign.com\\\/fr\\\/contactez-nous\\\/#primaryimage\"},\"image\":{\"@id\":\"https:\\\/\\\/www.ezsign.com\\\/fr\\\/contactez-nous\\\/#primaryimage\"},\"thumbnailUrl\":\"https:\\\/\\\/www.ezsign.com\\\/wp-content\\\/uploads\\\/2020\\\/04\\\/About_Us_eZsign_e-signature.jpg\",\"datePublished\":\"2020-04-23T19:50:56+00:00\",\"dateModified\":\"2026-03-06T15:30:05+00:00\",\"description\":\"Besoin d'aide? 1-844-397-4461\",\"breadcrumb\":{\"@id\":\"https:\\\/\\\/www.ezsign.com\\\/fr\\\/contactez-nous\\\/#breadcrumb\"},\"inLanguage\":\"fr-FR\",\"potentialAction\":[{\"@type\":\"ReadAction\",\"target\":[\"https:\\\/\\\/www.ezsign.com\\\/fr\\\/contactez-nous\\\/\"]}]},{\"@type\":\"ImageObject\",\"inLanguage\":\"fr-FR\",\"@id\":\"https:\\\/\\\/www.ezsign.com\\\/fr\\\/contactez-nous\\\/#primaryimage\",\"url\":\"https:\\\/\\\/www.ezsign.com\\\/wp-content\\\/uploads\\\/2020\\\/04\\\/About_Us_eZsign_e-signature.jpg\",\"contentUrl\":\"https:\\\/\\\/www.ezsign.com\\\/wp-content\\\/uploads\\\/2020\\\/04\\\/About_Us_eZsign_e-signature.jpg\",\"width\":1655,\"height\":1104,\"caption\":\"eZsign - Signature \u00e9lectronique simple et rapide\"},{\"@type\":\"BreadcrumbList\",\"@id\":\"https:\\\/\\\/www.ezsign.com\\\/fr\\\/contactez-nous\\\/#breadcrumb\",\"itemListElement\":[{\"@type\":\"ListItem\",\"position\":1,\"name\":\"Home\",\"item\":\"https:\\\/\\\/www.ezsign.com\\\/fr\\\/\"},{\"@type\":\"ListItem\",\"position\":2,\"name\":\"Contactez-nous\"}]},{\"@type\":\"WebSite\",\"@id\":\"https:\\\/\\\/www.ezsign.com\\\/fr\\\/#website\",\"url\":\"https:\\\/\\\/www.ezsign.com\\\/fr\\\/\",\"name\":\"eZsign\",\"description\":\"Fast and easy e-signature solution\",\"publisher\":{\"@id\":\"https:\\\/\\\/www.ezsign.com\\\/fr\\\/#organization\"},\"potentialAction\":[{\"@type\":\"SearchAction\",\"target\":{\"@type\":\"EntryPoint\",\"urlTemplate\":\"https:\\\/\\\/www.ezsign.com\\\/fr\\\/?s={search_term_string}\"},\"query-input\":{\"@type\":\"PropertyValueSpecification\",\"valueRequired\":true,\"valueName\":\"search_term_string\"}}],\"inLanguage\":\"fr-FR\"},{\"@type\":\"Organization\",\"@id\":\"https:\\\/\\\/www.ezsign.com\\\/fr\\\/#organization\",\"name\":\"EZsign - Fast and easy e-signature solution\",\"url\":\"https:\\\/\\\/www.ezsign.com\\\/fr\\\/\",\"logo\":{\"@type\":\"ImageObject\",\"inLanguage\":\"fr-FR\",\"@id\":\"https:\\\/\\\/www.ezsign.com\\\/fr\\\/#\\\/schema\\\/logo\\\/image\\\/\",\"url\":\"https:\\\/\\\/www.ezsign.com\\\/wp-content\\\/uploads\\\/2024\\\/06\\\/eZsign_logo_4C2x1.png\",\"contentUrl\":\"https:\\\/\\\/www.ezsign.com\\\/wp-content\\\/uploads\\\/2024\\\/06\\\/eZsign_logo_4C2x1.png\",\"width\":294,\"height\":116,\"caption\":\"EZsign - Fast and easy e-signature solution\"},\"image\":{\"@id\":\"https:\\\/\\\/www.ezsign.com\\\/fr\\\/#\\\/schema\\\/logo\\\/image\\\/\"},\"sameAs\":[\"https:\\\/\\\/www.facebook.com\\\/ezsign.ca\",\"https:\\\/\\\/www.instagram.com\\\/ezsign.ca\\\/\",\"https:\\\/\\\/www.linkedin.com\\\/company\\\/ezsign\",\"https:\\\/\\\/www.youtube.com\\\/channel\\\/UC-s2lR6CKIoBciOQ2A8WpCQ\"]}]}<\/script>\n<!-- \/ Yoast SEO Premium plugin. -->","yoast_head_json":{"title":"Contactez-Nous eZsign","description":"Besoin d'aide? 1-844-397-4461","robots":{"index":"index","follow":"follow","max-snippet":"max-snippet:-1","max-image-preview":"max-image-preview:large","max-video-preview":"max-video-preview:-1"},"canonical":"https:\/\/www.ezsign.com\/fr\/contactez-nous\/","og_locale":"fr_FR","og_type":"article","og_title":"Contactez-nous","og_description":"Besoin d\u2019aide? Rendez-vous sur votre compte eZsign et cliquez sur l\u2019ic\u00f4ne \u00ab?\u00bb pour cr\u00e9er un billet pour votre demande. Vous pouvez \u00e9galement trouver la","og_url":"https:\/\/www.ezsign.com\/fr\/contactez-nous\/","og_site_name":"eZsign","article_publisher":"https:\/\/www.facebook.com\/ezsign.ca","article_modified_time":"2026-03-06T15:30:05+00:00","og_image":[{"width":1655,"height":1104,"url":"https:\/\/www.ezsign.com\/wp-content\/uploads\/2020\/04\/About_Us_eZsign_e-signature.jpg","type":"image\/jpeg"}],"twitter_card":"summary_large_image","twitter_misc":{"Dur\u00e9e de lecture estim\u00e9e":"1 minute"},"schema":{"@context":"https:\/\/schema.org","@graph":[{"@type":"WebPage","@id":"https:\/\/www.ezsign.com\/fr\/contactez-nous\/","url":"https:\/\/www.ezsign.com\/fr\/contactez-nous\/","name":"Contactez-Nous eZsign","isPartOf":{"@id":"https:\/\/www.ezsign.com\/fr\/#website"},"primaryImageOfPage":{"@id":"https:\/\/www.ezsign.com\/fr\/contactez-nous\/#primaryimage"},"image":{"@id":"https:\/\/www.ezsign.com\/fr\/contactez-nous\/#primaryimage"},"thumbnailUrl":"https:\/\/www.ezsign.com\/wp-content\/uploads\/2020\/04\/About_Us_eZsign_e-signature.jpg","datePublished":"2020-04-23T19:50:56+00:00","dateModified":"2026-03-06T15:30:05+00:00","description":"Besoin d'aide? 1-844-397-4461","breadcrumb":{"@id":"https:\/\/www.ezsign.com\/fr\/contactez-nous\/#breadcrumb"},"inLanguage":"fr-FR","potentialAction":[{"@type":"ReadAction","target":["https:\/\/www.ezsign.com\/fr\/contactez-nous\/"]}]},{"@type":"ImageObject","inLanguage":"fr-FR","@id":"https:\/\/www.ezsign.com\/fr\/contactez-nous\/#primaryimage","url":"https:\/\/www.ezsign.com\/wp-content\/uploads\/2020\/04\/About_Us_eZsign_e-signature.jpg","contentUrl":"https:\/\/www.ezsign.com\/wp-content\/uploads\/2020\/04\/About_Us_eZsign_e-signature.jpg","width":1655,"height":1104,"caption":"eZsign - Signature \u00e9lectronique simple et rapide"},{"@type":"BreadcrumbList","@id":"https:\/\/www.ezsign.com\/fr\/contactez-nous\/#breadcrumb","itemListElement":[{"@type":"ListItem","position":1,"name":"Home","item":"https:\/\/www.ezsign.com\/fr\/"},{"@type":"ListItem","position":2,"name":"Contactez-nous"}]},{"@type":"WebSite","@id":"https:\/\/www.ezsign.com\/fr\/#website","url":"https:\/\/www.ezsign.com\/fr\/","name":"eZsign","description":"Fast and easy e-signature solution","publisher":{"@id":"https:\/\/www.ezsign.com\/fr\/#organization"},"potentialAction":[{"@type":"SearchAction","target":{"@type":"EntryPoint","urlTemplate":"https:\/\/www.ezsign.com\/fr\/?s={search_term_string}"},"query-input":{"@type":"PropertyValueSpecification","valueRequired":true,"valueName":"search_term_string"}}],"inLanguage":"fr-FR"},{"@type":"Organization","@id":"https:\/\/www.ezsign.com\/fr\/#organization","name":"EZsign - Fast and easy e-signature solution","url":"https:\/\/www.ezsign.com\/fr\/","logo":{"@type":"ImageObject","inLanguage":"fr-FR","@id":"https:\/\/www.ezsign.com\/fr\/#\/schema\/logo\/image\/","url":"https:\/\/www.ezsign.com\/wp-content\/uploads\/2024\/06\/eZsign_logo_4C2x1.png","contentUrl":"https:\/\/www.ezsign.com\/wp-content\/uploads\/2024\/06\/eZsign_logo_4C2x1.png","width":294,"height":116,"caption":"EZsign - Fast and easy e-signature solution"},"image":{"@id":"https:\/\/www.ezsign.com\/fr\/#\/schema\/logo\/image\/"},"sameAs":["https:\/\/www.facebook.com\/ezsign.ca","https:\/\/www.instagram.com\/ezsign.ca\/","https:\/\/www.linkedin.com\/company\/ezsign","https:\/\/www.youtube.com\/channel\/UC-s2lR6CKIoBciOQ2A8WpCQ"]}]}},"_links":{"self":[{"href":"https:\/\/www.ezsign.com\/fr\/wp-json\/wp\/v2\/pages\/1391","targetHints":{"allow":["GET"]}}],"collection":[{"href":"https:\/\/www.ezsign.com\/fr\/wp-json\/wp\/v2\/pages"}],"about":[{"href":"https:\/\/www.ezsign.com\/fr\/wp-json\/wp\/v2\/types\/page"}],"author":[{"embeddable":true,"href":"https:\/\/www.ezsign.com\/fr\/wp-json\/wp\/v2\/users\/11"}],"replies":[{"embeddable":true,"href":"https:\/\/www.ezsign.com\/fr\/wp-json\/wp\/v2\/comments?post=1391"}],"version-history":[{"count":0,"href":"https:\/\/www.ezsign.com\/fr\/wp-json\/wp\/v2\/pages\/1391\/revisions"}],"wp:featuredmedia":[{"embeddable":true,"href":"https:\/\/www.ezsign.com\/fr\/wp-json\/wp\/v2\/media\/1319"}],"wp:attachment":[{"href":"https:\/\/www.ezsign.com\/fr\/wp-json\/wp\/v2\/media?parent=1391"}],"curies":[{"name":"wp","href":"https:\/\/api.w.org\/{rel}","templated":true}]}}