{"id":1856,"date":"2020-06-26T19:40:03","date_gmt":"2020-06-26T19:40:03","guid":{"rendered":"https:\/\/staging.ezsign.ca\/?page_id=1856"},"modified":"2026-02-24T19:59:30","modified_gmt":"2026-02-24T19:59:30","slug":"carrieres","status":"publish","type":"page","link":"https:\/\/www.ezsign.com\/fr\/carrieres\/","title":{"rendered":"Carri\u00e8res"},"content":{"rendered":"\t\t<div data-elementor-type=\"wp-page\" data-elementor-id=\"1856\" class=\"elementor elementor-1856\" data-elementor-post-type=\"page\">\n\t\t\t\t\t\t<section class=\"elementor-section elementor-top-section elementor-element elementor-element-5c29c355 elementor-section-boxed elementor-section-height-default elementor-section-height-default\" data-id=\"5c29c355\" data-element_type=\"section\" data-e-type=\"section\" data-settings=\"{&quot;background_background&quot;:&quot;classic&quot;}\">\n\t\t\t\t\t\t<div class=\"elementor-container elementor-column-gap-default\">\n\t\t\t\t\t<div class=\"elementor-column elementor-col-100 elementor-top-column elementor-element elementor-element-2fbdece4\" data-id=\"2fbdece4\" data-element_type=\"column\" data-e-type=\"column\">\n\t\t\t<div class=\"elementor-widget-wrap elementor-element-populated\">\n\t\t\t\t\t\t<div class=\"elementor-element elementor-element-3dc0138a elementor-widget elementor-widget-heading\" data-id=\"3dc0138a\" data-element_type=\"widget\" data-e-type=\"widget\" data-widget_type=\"heading.default\">\n\t\t\t\t<div class=\"elementor-widget-container\">\n\t\t\t\t\t<h1 class=\"elementor-heading-title elementor-size-default\">Carri\u00e8res<\/h1>\t\t\t\t<\/div>\n\t\t\t\t<\/div>\n\t\t\t\t<div class=\"elementor-element elementor-element-6f18c88b elementor-widget elementor-widget-text-editor\" data-id=\"6f18c88b\" data-element_type=\"widget\" data-e-type=\"widget\" data-widget_type=\"text-editor.default\">\n\t\t\t\t<div class=\"elementor-widget-container\">\n\t\t\t\t\t\t\t\t\t<h2>Postes disponibles<\/h2>\t\t\t\t\t\t\t\t<\/div>\n\t\t\t\t<\/div>\n\t\t\t\t<div class=\"elementor-element elementor-element-f6dd42b elementor-widget elementor-widget-heading\" data-id=\"f6dd42b\" data-element_type=\"widget\" data-e-type=\"widget\" data-widget_type=\"heading.default\">\n\t\t\t\t<div class=\"elementor-widget-container\">\n\t\t\t\t\t<h5 class=\"elementor-heading-title elementor-size-default\">Aucun poste aujourd\u2019hui\u2026 mais \u00e7a \u00e9volue vite. Revenez voir bient\u00f4t !<\/h5>\t\t\t\t<\/div>\n\t\t\t\t<\/div>\n\t\t\t\t<div class=\"elementor-element elementor-element-5e1c9cc jobposter elementor-hidden-desktop elementor-hidden-laptop elementor-hidden-tablet_extra elementor-hidden-tablet elementor-hidden-mobile elementor-widget elementor-widget-toggle\" data-id=\"5e1c9cc\" data-element_type=\"widget\" data-e-type=\"widget\" data-settings=\"{&quot;_animation&quot;:&quot;none&quot;}\" data-widget_type=\"toggle.default\">\n\t\t\t\t<div class=\"elementor-widget-container\">\n\t\t\t\t\t\t\t<div class=\"elementor-toggle\">\n\t\t\t\t\t\t\t<div class=\"elementor-toggle-item\">\n\t\t\t\t\t<div id=\"elementor-tab-title-9861\" class=\"elementor-tab-title\" data-tab=\"1\" role=\"button\" aria-controls=\"elementor-tab-content-9861\" aria-expanded=\"false\">\n\t\t\t\t\t\t\t\t\t\t\t\t<span class=\"elementor-toggle-icon elementor-toggle-icon-right\" aria-hidden=\"true\">\n\t\t\t\t\t\t\t\t\t\t\t\t\t\t\t<span class=\"elementor-toggle-icon-closed\"><svg class=\"e-font-icon-svg e-fas-angle-down\" viewBox=\"0 0 320 512\" xmlns=\"http:\/\/www.w3.org\/2000\/svg\"><path d=\"M143 352.3L7 216.3c-9.4-9.4-9.4-24.6 0-33.9l22.6-22.6c9.4-9.4 24.6-9.4 33.9 0l96.4 96.4 96.4-96.4c9.4-9.4 24.6-9.4 33.9 0l22.6 22.6c9.4 9.4 9.4 24.6 0 33.9l-136 136c-9.2 9.4-24.4 9.4-33.8 0z\"><\/path><\/svg><\/span>\n\t\t\t\t\t\t\t\t<span class=\"elementor-toggle-icon-opened\"><svg class=\"elementor-toggle-icon-opened e-font-icon-svg e-fas-angle-up\" viewBox=\"0 0 320 512\" xmlns=\"http:\/\/www.w3.org\/2000\/svg\"><path d=\"M177 159.7l136 136c9.4 9.4 9.4 24.6 0 33.9l-22.6 22.6c-9.4 9.4-24.6 9.4-33.9 0L160 255.9l-96.4 96.4c-9.4 9.4-24.6 9.4-33.9 0L7 329.7c-9.4-9.4-9.4-24.6 0-33.9l136-136c9.4-9.5 24.6-9.5 34-.1z\"><\/path><\/svg><\/span>\n\t\t\t\t\t\t\t\t\t\t\t\t\t<\/span>\n\t\t\t\t\t\t\t\t\t\t\t\t<a class=\"elementor-toggle-title\" tabindex=\"0\">Conseiller(\u00e8re) au service \u00e0 la client\u00e8le et sp\u00e9cialiste \u00e0 la formation & l\u2019int\u00e9gration (bilingue)<\/a>\n\t\t\t\t\t<\/div>\n\n\t\t\t\t\t<div id=\"elementor-tab-content-9861\" class=\"elementor-tab-content elementor-clearfix\" data-tab=\"1\" role=\"region\" aria-labelledby=\"elementor-tab-title-9861\"><h3>Conseiller(\u00e8re) au service \u00e0 la client\u00e8le et sp\u00e9cialiste \u00e0 la formation &amp; l\u2019int\u00e9gration (bilingue)<\/h3><p>Poste permanent (40 h\/sem)<br \/>100 % t\u00e9l\u00e9travail<br \/>Salaire annuel entre 60k et 70k selon exp\u00e9rience<\/p><p>Vous \u00eates passionn\u00e9(e) par le service \u00e0 la client\u00e8le et avez un talent pour la formation ? Vous \u00eates bilingue, autonome et aimez travailler dans un environnement stimulant? Rejoignez eZmax, une entreprise d\u2019ici en pleine croissance, o\u00f9 chaque journ\u00e9e apporte de nouveaux d\u00e9fis \u00e0 relever !<\/p><p>eZmax et eZsign sont des solutions technologiques con\u00e7ues pour r\u00e9pondre aux besoins de leurs clients canadiens du secteur de l\u2019immobilier en mati\u00e8re de comptabilit\u00e9, de gestion des transactions, de gestion de documents et de signatures \u00e9lectroniques. Dans le but de continuer \u00e0 offrir un service \u00e0 la client\u00e8le de haute qualit\u00e9, l\u2019entreprise recherche un(e) conseiller(\u00e8re) au SAC (service \u00e0 la client\u00e8le) et sp\u00e9cialiste \u00e0 la formation et l\u2019int\u00e9gration pour compl\u00e9ter l\u2019\u00e9quipe. Vous serez au c\u0153ur de l\u2019int\u00e9gration et de la formation des clients, tout en assurant un service exceptionnel et la gestion de projets d\u2019implantation d\u2019envergure.<\/p><h3>POURQUOI TRAVAILLER CHEZ NOUS ?<\/h3><ul><li>Entreprise qu\u00e9b\u00e9coise rayonnant \u00e0 travers tout le pays ;<\/li><li>\u00c9quipe passionn\u00e9e (environ 25 coll\u00e8gues), fi\u00e8re de ses produits et ax\u00e9e sur l&rsquo;exp\u00e9rience client ;<\/li><li>T\u00e9l\u00e9travail \u00e0 100 % avec la possibilit\u00e9 de travailler \u00e0 l\u2019\u00e9tranger ;<\/li><li>Autonomie dans le travail et libert\u00e9 d\u2019organisation ;<\/li><li>Activit\u00e9s sociales biannuelles en pr\u00e9sentiel pour renforcer l\u2019esprit d\u2019\u00e9quipe ;<\/li><li>Environnement d\u2019apprentissage continu, favorisant l\u2019entraide et l\u2019\u00e9volution professionnelle ;<\/li><li>\u00c9quipement bureautique fourni (incluant Internet) pour un travail confortable et fonctionnel.<\/li><\/ul><p>Note : Il est important de noter qu&rsquo;aucun programme d&rsquo;assurances collectives ni de r\u00e9gime de retraite n&rsquo;est offert. En accord avec nos valeurs, nous demeurons \u00ab vrai &amp; juste \u00bb en toutes circonstances, agissant avec honn\u00eatet\u00e9, sinc\u00e9rit\u00e9 et \u00e9quit\u00e9. Nous privil\u00e9gions la transparence sur ces points d\u00e8s le d\u00e9part.<\/p><h3>PRINCIPAUX D\u00c9FIS<\/h3><ul><li>Planification des installations : vous veillerez \u00e0 l&rsquo;alignement des exigences des clients et pr\u00e9parerez l\u2019impl\u00e9mentation des nouvelles solutions.<\/li><li>Coordination de l\u2019int\u00e9gration : vous serez responsable de l\u2019int\u00e9gration de nouveaux clients, en planifiant le processus d\u2019installation et en d\u00e9finissant des d\u00e9lais r\u00e9alistes.<\/li><li>Formation et soutien : vous animerez des sessions de formation pour les clients (virtuellement) et les soutiendrez lors de l&rsquo;int\u00e9gration des produits d\u2019eZmax et d\u2019eZsign.<\/li><li>Service client exceptionnel : vous r\u00e9pondrez avec professionnalisme aux questions des clients et vous assurerez de leur satisfaction continue.<\/li><li>Collaborer efficacement : vous travaillerez en \u00e9troite collaboration avec les \u00e9quipes de gestion et de vente pour offrir un service \u00e0 la client\u00e8le de qualit\u00e9.<\/li><li>Gestion des attentes clients : vous devrez identifier les besoins des clients, r\u00e9soudre des probl\u00e8mes complexes et maintenir une communication fluide avec les \u00e9quipes internes.<\/li><li>R\u00e9solution de conflits et gestion du changement : vous serez responsable de g\u00e9rer les conflits et d\u2019assurer la satisfaction et la r\u00e9tention des clients en p\u00e9riode de changement.<\/li><\/ul><h3>PROFIL RECHERCH\u00c9<\/h3><ul><li>Dipl\u00f4me coll\u00e9giale en enseignement, administration ou domaine connexe (ou exp\u00e9rience \u00e9quivalente ;<\/li><li>Minimum de cinq (5) ann\u00e9es d&rsquo;exp\u00e9rience en service \u00e0 la client\u00e8le ou en formation\/int\u00e9gration pour des solutions technologiques ;<\/li><li>Exp\u00e9rience dans les solutions SaaS \u2013 software as a service (atout important) ;<\/li><li>Bilinguisme \u00e0 l\u2019oral et \u00e0 l\u2019\u00e9crit essentiel (fran\u00e7ais et anglais) ;<\/li><li>Aisance avec les technologies et les applications technologiques (\u00ab tech savvy \u00bb)<\/li><li>\u00catre bas\u00e9 au Canada et \u00eatre \u00e0 mesure de travailler \u00e0 distance ;<\/li><li>Int\u00e9r\u00eat marqu\u00e9 pour la technologie, l\u2019efficacit\u00e9 organisationnelle, l&rsquo;optimisation des op\u00e9rations et les solutions d&rsquo;am\u00e9lioration des processus, telles que signatures \u00e9lectroniques.<\/li><\/ul><h3>COMP\u00c9TENCES\/QUALIT\u00c9S RECHERCH\u00c9ES<\/h3><ul><li>Orient\u00e9 vers le service \u00e0 la client\u00e8le ;<\/li><li>Capacit\u00e9 \u00e0 r\u00e9soudre des probl\u00e8mes ;<\/li><li>Facilit\u00e9 \u00e0 expliquer des sujets complexes de mani\u00e8re simple et concise (p\u00e9dagogie) ;<\/li><li>Sens de l&rsquo;organisation et des priorit\u00e9s ;<\/li><li>Excellentes habilet\u00e9s en communication interpersonnelle ;<\/li><li>Capacit\u00e9 \u00e0 travailler au sein d&rsquo;\u00e9quipe multidisciplinaire ;<\/li><li>Autonomie et d\u00e9brouillardise.\u00a0<\/li><\/ul><p><strong><br \/>Postulez d\u00e8s maintenant en envoyant votre candidature \u00e0 Mme Annie Travers, CRHA, cv@annietraversrh.com, consultante en ressources humaines, qui nous accompagne dans ce processus.<\/strong><\/p><p><em>*Le masculin est utilis\u00e9 afin d\u2019all\u00e9ger le texte.<\/em><\/p><\/div>\n\t\t\t\t<\/div>\n\t\t\t\t\t\t\t\t<\/div>\n\t\t\t\t\t\t<\/div>\n\t\t\t\t<\/div>\n\t\t\t\t<div class=\"elementor-element elementor-element-7edb0b8f elementor-hidden-desktop elementor-hidden-tablet elementor-hidden-phone elementor-widget-divider--view-line elementor-widget elementor-widget-divider\" data-id=\"7edb0b8f\" data-element_type=\"widget\" data-e-type=\"widget\" data-widget_type=\"divider.default\">\n\t\t\t\t<div class=\"elementor-widget-container\">\n\t\t\t\t\t\t\t<div class=\"elementor-divider\">\n\t\t\t<span class=\"elementor-divider-separator\">\n\t\t\t\t\t\t<\/span>\n\t\t<\/div>\n\t\t\t\t\t\t<\/div>\n\t\t\t\t<\/div>\n\t\t\t\t\t<\/div>\n\t\t<\/div>\n\t\t\t\t\t<\/div>\n\t\t<\/section>\n\t\t\t\t<\/div>\n\t\t","protected":false},"excerpt":{"rendered":"<p>Carri\u00e8res Postes disponibles Aucun poste aujourd\u2019hui\u2026 mais \u00e7a \u00e9volue vite. Revenez voir bient\u00f4t ! Conseiller(\u00e8re) au service \u00e0 la client\u00e8le et sp\u00e9cialiste \u00e0 la formation &#038; l\u2019int\u00e9gration (bilingue) Conseiller(\u00e8re) au service \u00e0 la client\u00e8le et sp\u00e9cialiste \u00e0 la formation &amp; l\u2019int\u00e9gration (bilingue) Poste permanent (40 h\/sem)100 % t\u00e9l\u00e9travailSalaire annuel entre 60k et 70k selon exp\u00e9rience [&hellip;]<\/p>\n","protected":false},"author":11,"featured_media":0,"parent":0,"menu_order":0,"comment_status":"closed","ping_status":"closed","template":"elementor_header_footer","meta":{"content-type":"","footnotes":""},"class_list":["post-1856","page","type-page","status-publish","hentry"],"yoast_head":"<!-- This site is optimized with the Yoast SEO Premium plugin v25.1 (Yoast SEO v27.4) - https:\/\/yoast.com\/product\/yoast-seo-premium-wordpress\/ -->\n<title>Carri\u00e8res - eZsign<\/title>\n<meta name=\"robots\" content=\"index, follow, max-snippet:-1, max-image-preview:large, max-video-preview:-1\" \/>\n<link rel=\"canonical\" href=\"https:\/\/ezmax.ca\/fr\/blogue\/article\/responsable-des-communications\/\" \/>\n<meta property=\"og:locale\" content=\"fr_FR\" \/>\n<meta property=\"og:type\" content=\"article\" \/>\n<meta property=\"og:title\" content=\"Carri\u00e8res - eZsign\" \/>\n<meta property=\"og:description\" content=\"Consultez nos postes disponibles pour faire partie de notre belle \u00e9quipe.\" \/>\n<meta property=\"og:url\" content=\"https:\/\/ezmax.ca\/fr\/blogue\/article\/responsable-des-communications\" \/>\n<meta property=\"og:site_name\" content=\"eZsign\" \/>\n<meta property=\"article:publisher\" content=\"https:\/\/www.facebook.com\/ezsign.ca\" \/>\n<meta property=\"article:modified_time\" content=\"2026-02-24T19:59:30+00:00\" \/>\n<meta property=\"og:image\" content=\"https:\/\/www.ezsign.com\/wp-content\/uploads\/2020\/02\/FAQ_01.jpg\" \/>\n\t<meta property=\"og:image:width\" content=\"1900\" \/>\n\t<meta property=\"og:image:height\" content=\"1267\" \/>\n\t<meta property=\"og:image:type\" content=\"image\/jpeg\" \/>\n<meta name=\"twitter:card\" content=\"summary_large_image\" \/>\n<meta name=\"twitter:title\" content=\"Carri\u00e8res\" \/>\n<meta name=\"twitter:description\" content=\"Carri\u00e8res Postes disponibles Aucun poste aujourd\u2019hui\u2026 mais \u00e7a \u00e9volue vite. Revenez voir bient\u00f4t ! Conseiller(\u00e8re) au service \u00e0 la client\u00e8le et sp\u00e9cialiste\" \/>\n<meta name=\"twitter:label1\" content=\"Dur\u00e9e de lecture estim\u00e9e\" \/>\n\t<meta name=\"twitter:data1\" content=\"4 minutes\" \/>\n<script type=\"application\/ld+json\" class=\"yoast-schema-graph\">{\"@context\":\"https:\\\/\\\/schema.org\",\"@graph\":[{\"@type\":\"WebPage\",\"@id\":\"https:\\\/\\\/www.ezsign.com\\\/fr\\\/carrieres\\\/\",\"url\":\"https:\\\/\\\/ezmax.ca\\\/fr\\\/blogue\\\/article\\\/responsable-des-communications\",\"name\":\"Carri\u00e8res - eZsign\",\"isPartOf\":{\"@id\":\"https:\\\/\\\/www.ezsign.com\\\/fr\\\/#website\"},\"datePublished\":\"2020-06-26T19:40:03+00:00\",\"dateModified\":\"2026-02-24T19:59:30+00:00\",\"breadcrumb\":{\"@id\":\"https:\\\/\\\/ezmax.ca\\\/fr\\\/blogue\\\/article\\\/responsable-des-communications#breadcrumb\"},\"inLanguage\":\"fr-FR\",\"potentialAction\":[{\"@type\":\"ReadAction\",\"target\":[\"https:\\\/\\\/ezmax.ca\\\/fr\\\/blogue\\\/article\\\/responsable-des-communications\"]}]},{\"@type\":\"BreadcrumbList\",\"@id\":\"https:\\\/\\\/ezmax.ca\\\/fr\\\/blogue\\\/article\\\/responsable-des-communications#breadcrumb\",\"itemListElement\":[{\"@type\":\"ListItem\",\"position\":1,\"name\":\"Home\",\"item\":\"https:\\\/\\\/www.ezsign.com\\\/fr\\\/\"},{\"@type\":\"ListItem\",\"position\":2,\"name\":\"Carri\u00e8res\"}]},{\"@type\":\"WebSite\",\"@id\":\"https:\\\/\\\/www.ezsign.com\\\/fr\\\/#website\",\"url\":\"https:\\\/\\\/www.ezsign.com\\\/fr\\\/\",\"name\":\"eZsign\",\"description\":\"Fast and easy e-signature solution\",\"publisher\":{\"@id\":\"https:\\\/\\\/www.ezsign.com\\\/fr\\\/#organization\"},\"potentialAction\":[{\"@type\":\"SearchAction\",\"target\":{\"@type\":\"EntryPoint\",\"urlTemplate\":\"https:\\\/\\\/www.ezsign.com\\\/fr\\\/?s={search_term_string}\"},\"query-input\":{\"@type\":\"PropertyValueSpecification\",\"valueRequired\":true,\"valueName\":\"search_term_string\"}}],\"inLanguage\":\"fr-FR\"},{\"@type\":\"Organization\",\"@id\":\"https:\\\/\\\/www.ezsign.com\\\/fr\\\/#organization\",\"name\":\"EZsign - Fast and easy e-signature solution\",\"url\":\"https:\\\/\\\/www.ezsign.com\\\/fr\\\/\",\"logo\":{\"@type\":\"ImageObject\",\"inLanguage\":\"fr-FR\",\"@id\":\"https:\\\/\\\/www.ezsign.com\\\/fr\\\/#\\\/schema\\\/logo\\\/image\\\/\",\"url\":\"https:\\\/\\\/www.ezsign.com\\\/wp-content\\\/uploads\\\/2024\\\/06\\\/eZsign_logo_4C2x1.png\",\"contentUrl\":\"https:\\\/\\\/www.ezsign.com\\\/wp-content\\\/uploads\\\/2024\\\/06\\\/eZsign_logo_4C2x1.png\",\"width\":294,\"height\":116,\"caption\":\"EZsign - Fast and easy e-signature solution\"},\"image\":{\"@id\":\"https:\\\/\\\/www.ezsign.com\\\/fr\\\/#\\\/schema\\\/logo\\\/image\\\/\"},\"sameAs\":[\"https:\\\/\\\/www.facebook.com\\\/ezsign.ca\",\"https:\\\/\\\/www.instagram.com\\\/ezsign.ca\\\/\",\"https:\\\/\\\/www.linkedin.com\\\/company\\\/ezsign\",\"https:\\\/\\\/www.youtube.com\\\/channel\\\/UC-s2lR6CKIoBciOQ2A8WpCQ\"]}]}<\/script>\n<!-- \/ Yoast SEO Premium plugin. -->","yoast_head_json":{"title":"Carri\u00e8res - eZsign","robots":{"index":"index","follow":"follow","max-snippet":"max-snippet:-1","max-image-preview":"max-image-preview:large","max-video-preview":"max-video-preview:-1"},"canonical":"https:\/\/ezmax.ca\/fr\/blogue\/article\/responsable-des-communications\/","og_locale":"fr_FR","og_type":"article","og_title":"Carri\u00e8res - eZsign","og_description":"Consultez nos postes disponibles pour faire partie de notre belle \u00e9quipe.","og_url":"https:\/\/ezmax.ca\/fr\/blogue\/article\/responsable-des-communications","og_site_name":"eZsign","article_publisher":"https:\/\/www.facebook.com\/ezsign.ca","article_modified_time":"2026-02-24T19:59:30+00:00","og_image":[{"width":1900,"height":1267,"url":"https:\/\/www.ezsign.com\/wp-content\/uploads\/2020\/02\/FAQ_01.jpg","type":"image\/jpeg"}],"twitter_card":"summary_large_image","twitter_title":"Carri\u00e8res","twitter_description":"Carri\u00e8res Postes disponibles Aucun poste aujourd\u2019hui\u2026 mais \u00e7a \u00e9volue vite. Revenez voir bient\u00f4t ! Conseiller(\u00e8re) au service \u00e0 la client\u00e8le et sp\u00e9cialiste","twitter_misc":{"Dur\u00e9e de lecture estim\u00e9e":"4 minutes"},"schema":{"@context":"https:\/\/schema.org","@graph":[{"@type":"WebPage","@id":"https:\/\/www.ezsign.com\/fr\/carrieres\/","url":"https:\/\/ezmax.ca\/fr\/blogue\/article\/responsable-des-communications","name":"Carri\u00e8res - eZsign","isPartOf":{"@id":"https:\/\/www.ezsign.com\/fr\/#website"},"datePublished":"2020-06-26T19:40:03+00:00","dateModified":"2026-02-24T19:59:30+00:00","breadcrumb":{"@id":"https:\/\/ezmax.ca\/fr\/blogue\/article\/responsable-des-communications#breadcrumb"},"inLanguage":"fr-FR","potentialAction":[{"@type":"ReadAction","target":["https:\/\/ezmax.ca\/fr\/blogue\/article\/responsable-des-communications"]}]},{"@type":"BreadcrumbList","@id":"https:\/\/ezmax.ca\/fr\/blogue\/article\/responsable-des-communications#breadcrumb","itemListElement":[{"@type":"ListItem","position":1,"name":"Home","item":"https:\/\/www.ezsign.com\/fr\/"},{"@type":"ListItem","position":2,"name":"Carri\u00e8res"}]},{"@type":"WebSite","@id":"https:\/\/www.ezsign.com\/fr\/#website","url":"https:\/\/www.ezsign.com\/fr\/","name":"eZsign","description":"Fast and easy e-signature solution","publisher":{"@id":"https:\/\/www.ezsign.com\/fr\/#organization"},"potentialAction":[{"@type":"SearchAction","target":{"@type":"EntryPoint","urlTemplate":"https:\/\/www.ezsign.com\/fr\/?s={search_term_string}"},"query-input":{"@type":"PropertyValueSpecification","valueRequired":true,"valueName":"search_term_string"}}],"inLanguage":"fr-FR"},{"@type":"Organization","@id":"https:\/\/www.ezsign.com\/fr\/#organization","name":"EZsign - Fast and easy e-signature solution","url":"https:\/\/www.ezsign.com\/fr\/","logo":{"@type":"ImageObject","inLanguage":"fr-FR","@id":"https:\/\/www.ezsign.com\/fr\/#\/schema\/logo\/image\/","url":"https:\/\/www.ezsign.com\/wp-content\/uploads\/2024\/06\/eZsign_logo_4C2x1.png","contentUrl":"https:\/\/www.ezsign.com\/wp-content\/uploads\/2024\/06\/eZsign_logo_4C2x1.png","width":294,"height":116,"caption":"EZsign - Fast and easy e-signature solution"},"image":{"@id":"https:\/\/www.ezsign.com\/fr\/#\/schema\/logo\/image\/"},"sameAs":["https:\/\/www.facebook.com\/ezsign.ca","https:\/\/www.instagram.com\/ezsign.ca\/","https:\/\/www.linkedin.com\/company\/ezsign","https:\/\/www.youtube.com\/channel\/UC-s2lR6CKIoBciOQ2A8WpCQ"]}]}},"_links":{"self":[{"href":"https:\/\/www.ezsign.com\/fr\/wp-json\/wp\/v2\/pages\/1856","targetHints":{"allow":["GET"]}}],"collection":[{"href":"https:\/\/www.ezsign.com\/fr\/wp-json\/wp\/v2\/pages"}],"about":[{"href":"https:\/\/www.ezsign.com\/fr\/wp-json\/wp\/v2\/types\/page"}],"author":[{"embeddable":true,"href":"https:\/\/www.ezsign.com\/fr\/wp-json\/wp\/v2\/users\/11"}],"replies":[{"embeddable":true,"href":"https:\/\/www.ezsign.com\/fr\/wp-json\/wp\/v2\/comments?post=1856"}],"version-history":[{"count":0,"href":"https:\/\/www.ezsign.com\/fr\/wp-json\/wp\/v2\/pages\/1856\/revisions"}],"wp:attachment":[{"href":"https:\/\/www.ezsign.com\/fr\/wp-json\/wp\/v2\/media?parent=1856"}],"curies":[{"name":"wp","href":"https:\/\/api.w.org\/{rel}","templated":true}]}}