{"id":6587,"date":"2023-06-05T17:37:19","date_gmt":"2023-06-05T17:37:19","guid":{"rendered":"https:\/\/staging.ezsign.ca\/?page_id=6587"},"modified":"2023-12-20T17:39:56","modified_gmt":"2023-12-20T17:39:56","slug":"systemerequise","status":"publish","type":"page","link":"https:\/\/www.ezsign.com\/fr\/systemerequise\/","title":{"rendered":"Configuration syst\u00e8me requise pour signer avec eZsign\u00a0"},"content":{"rendered":"\t\t<div data-elementor-type=\"wp-page\" data-elementor-id=\"6587\" class=\"elementor elementor-6587 elementor-6586\" data-elementor-post-type=\"page\">\n\t\t\t\t\t\t<section class=\"elementor-section elementor-top-section elementor-element elementor-element-10e6c2b elementor-section-boxed elementor-section-height-default elementor-section-height-default\" data-id=\"10e6c2b\" data-element_type=\"section\" data-e-type=\"section\">\n\t\t\t\t\t\t<div class=\"elementor-container elementor-column-gap-default\">\n\t\t\t\t\t<div class=\"elementor-column elementor-col-100 elementor-top-column elementor-element elementor-element-da01af2\" data-id=\"da01af2\" data-element_type=\"column\" data-e-type=\"column\">\n\t\t\t<div class=\"elementor-widget-wrap elementor-element-populated\">\n\t\t\t\t\t\t<div class=\"elementor-element elementor-element-5a3917b elementor-widget elementor-widget-heading\" data-id=\"5a3917b\" data-element_type=\"widget\" data-e-type=\"widget\" data-widget_type=\"heading.default\">\n\t\t\t\t<div class=\"elementor-widget-container\">\n\t\t\t\t\t<h1 class=\"elementor-heading-title elementor-size-default\">Configuration syst\u00e8me requise pour signer avec eZsign <\/h1>\t\t\t\t<\/div>\n\t\t\t\t<\/div>\n\t\t\t\t<div class=\"elementor-element elementor-element-717d8de elementor-widget elementor-widget-text-editor\" data-id=\"717d8de\" data-element_type=\"widget\" data-e-type=\"widget\" data-widget_type=\"text-editor.default\">\n\t\t\t\t<div class=\"elementor-widget-container\">\n\t\t\t\t\t\t\t\t\t<p><span style=\"font-weight: 400;\">eZsign fonctionne avec la plupart des ordinateurs et appareils mobiles r\u00e9cents. Afin d\u2019am\u00e9liorer votre exp\u00e9rience de signature, voici nos recommandations.\u00a0<\/span><\/p><h3>Navigateurs Web\u00a0<\/h3><p><span style=\"font-weight: 400;\">eZsign supporte la derni\u00e8re version (sauf indication contraire) de ces navigateurs :<\/span><\/p><ul><li style=\"font-weight: 400;\" aria-level=\"1\"><span style=\"font-weight: 400;\">Chrome<\/span><\/li><li style=\"font-weight: 400;\" aria-level=\"1\"><span style=\"font-weight: 400;\">Firefox<\/span><\/li><li style=\"font-weight: 400;\" aria-level=\"1\"><span style=\"font-weight: 400;\">Microsoft Edge<\/span><\/li><li style=\"font-weight: 400;\" aria-level=\"1\"><span style=\"font-weight: 400;\">Safari<\/span><\/li><\/ul><h3>Lecteur PDF pour visionner et valider le document sign\u00e9<\/h3><ul><li style=\"font-weight: 400;\" aria-level=\"1\"><span style=\"font-weight: 400;\">Une version r\u00e9cente d\u2019Adobe Acrobat Reader ou un logiciel similaire peut \u00eatre n\u00e9cessaire pour visualiser les fichiers PDF sign\u00e9s.<\/span><\/li><li style=\"font-weight: 400;\" aria-level=\"1\"><span style=\"font-weight: 400;\">Une version r\u00e9cente Adobe Acrobat Reader est n\u00e9cessaire pour valider les signatures \u00e9lectroniques.\u00a0<\/span><\/li><\/ul><h3>\u00a0Signature mobile<\/h3><p><span style=\"font-weight: 400;\">Vous pouvez signer sur les appareils mobiles suivants:<\/span><\/p><ul><li style=\"font-weight: 400;\" aria-level=\"1\"><span style=\"font-weight: 400;\">iPhone\u00a0<\/span><\/li><li style=\"font-weight: 400;\" aria-level=\"1\"><span style=\"font-weight: 400;\">iPad\u00a0<\/span><\/li><li style=\"font-weight: 400;\" aria-level=\"1\"><span style=\"font-weight: 400;\">Android\u00a0<\/span><\/li><\/ul>\t\t\t\t\t\t\t\t<\/div>\n\t\t\t\t<\/div>\n\t\t\t\t\t<\/div>\n\t\t<\/div>\n\t\t\t\t\t<\/div>\n\t\t<\/section>\n\t\t\t\t<\/div>\n\t\t","protected":false},"excerpt":{"rendered":"<p>Configuration syst\u00e8me requise pour signer avec eZsign eZsign fonctionne avec la plupart des ordinateurs et appareils mobiles r\u00e9cents. Afin d\u2019am\u00e9liorer votre exp\u00e9rience de signature, voici nos recommandations.\u00a0 Navigateurs Web\u00a0 eZsign supporte la derni\u00e8re version (sauf indication contraire) de ces navigateurs : Chrome Firefox Microsoft Edge Safari Lecteur PDF pour visionner et valider le document sign\u00e9 [&hellip;]<\/p>\n","protected":false},"author":11,"featured_media":1319,"parent":0,"menu_order":0,"comment_status":"closed","ping_status":"closed","template":"elementor_header_footer","meta":{"content-type":"","footnotes":""},"class_list":["post-6587","page","type-page","status-publish","has-post-thumbnail","hentry"],"yoast_head":"<!-- This site is optimized with the Yoast SEO Premium plugin v25.1 (Yoast SEO v27.3) - https:\/\/yoast.com\/product\/yoast-seo-premium-wordpress\/ -->\n<title>Configuration syst\u00e8me requise pour signer avec eZsign\u00a0 - eZsign<\/title>\n<meta name=\"description\" content=\"La pr\u00e9sente politique de protection de la vie priv\u00e9e d\u00e9crit comment vos renseignements personnels sont recueillis lorsque vous allez sur eZmax.ca ou eZsign.ca (le \u00ab\u2009Site\u2009\u00bb) ou que vous y faites un achat, et comment ils sont ensuite utilis\u00e9s et communiqu\u00e9s \u00e0 des tiers.\" \/>\n<meta name=\"robots\" content=\"index, follow, max-snippet:-1, max-image-preview:large, max-video-preview:-1\" \/>\n<link rel=\"canonical\" href=\"https:\/\/www.ezsign.com\/fr\/systemerequise\/\" \/>\n<meta property=\"og:locale\" content=\"fr_FR\" \/>\n<meta property=\"og:type\" content=\"article\" \/>\n<meta property=\"og:title\" content=\"Configuration syst\u00e8me requise pour signer avec eZsign\u00a0\" \/>\n<meta property=\"og:description\" content=\"Configuration syst\u00e8me requise pour signer avec eZsign eZsign fonctionne avec la plupart des ordinateurs et appareils mobiles r\u00e9cents. Afin d\u2019am\u00e9liorer\" \/>\n<meta property=\"og:url\" content=\"https:\/\/www.ezsign.com\/fr\/systemerequise\/\" \/>\n<meta property=\"og:site_name\" content=\"eZsign\" \/>\n<meta property=\"article:publisher\" content=\"https:\/\/www.facebook.com\/ezsign.ca\" \/>\n<meta property=\"article:modified_time\" content=\"2023-12-20T17:39:56+00:00\" \/>\n<meta property=\"og:image\" content=\"https:\/\/www.ezsign.com\/wp-content\/uploads\/2020\/04\/About_Us_eZsign_e-signature.jpg\" \/>\n\t<meta property=\"og:image:width\" content=\"1655\" \/>\n\t<meta property=\"og:image:height\" content=\"1104\" \/>\n\t<meta property=\"og:image:type\" content=\"image\/jpeg\" \/>\n<meta name=\"twitter:card\" content=\"summary_large_image\" \/>\n<meta name=\"twitter:label1\" content=\"Dur\u00e9e de lecture estim\u00e9e\" \/>\n\t<meta name=\"twitter:data1\" content=\"1 minute\" \/>\n<script type=\"application\/ld+json\" class=\"yoast-schema-graph\">{\"@context\":\"https:\\\/\\\/schema.org\",\"@graph\":[{\"@type\":\"WebPage\",\"@id\":\"https:\\\/\\\/www.ezsign.com\\\/fr\\\/systemerequise\\\/\",\"url\":\"https:\\\/\\\/www.ezsign.com\\\/fr\\\/systemerequise\\\/\",\"name\":\"Configuration syst\u00e8me requise pour signer avec eZsign\u00a0 - eZsign\",\"isPartOf\":{\"@id\":\"https:\\\/\\\/www.ezsign.com\\\/fr\\\/#website\"},\"primaryImageOfPage\":{\"@id\":\"https:\\\/\\\/www.ezsign.com\\\/fr\\\/systemerequise\\\/#primaryimage\"},\"image\":{\"@id\":\"https:\\\/\\\/www.ezsign.com\\\/fr\\\/systemerequise\\\/#primaryimage\"},\"thumbnailUrl\":\"https:\\\/\\\/www.ezsign.com\\\/wp-content\\\/uploads\\\/2020\\\/04\\\/About_Us_eZsign_e-signature.jpg\",\"datePublished\":\"2023-06-05T17:37:19+00:00\",\"dateModified\":\"2023-12-20T17:39:56+00:00\",\"description\":\"La pr\u00e9sente politique de protection de la vie priv\u00e9e d\u00e9crit comment vos renseignements personnels sont recueillis lorsque vous allez sur eZmax.ca ou eZsign.ca (le \u00ab\u2009Site\u2009\u00bb) ou que vous y faites un achat, et comment ils sont ensuite utilis\u00e9s et communiqu\u00e9s \u00e0 des tiers.\",\"breadcrumb\":{\"@id\":\"https:\\\/\\\/www.ezsign.com\\\/fr\\\/systemerequise\\\/#breadcrumb\"},\"inLanguage\":\"fr-FR\",\"potentialAction\":[{\"@type\":\"ReadAction\",\"target\":[\"https:\\\/\\\/www.ezsign.com\\\/fr\\\/systemerequise\\\/\"]}]},{\"@type\":\"ImageObject\",\"inLanguage\":\"fr-FR\",\"@id\":\"https:\\\/\\\/www.ezsign.com\\\/fr\\\/systemerequise\\\/#primaryimage\",\"url\":\"https:\\\/\\\/www.ezsign.com\\\/wp-content\\\/uploads\\\/2020\\\/04\\\/About_Us_eZsign_e-signature.jpg\",\"contentUrl\":\"https:\\\/\\\/www.ezsign.com\\\/wp-content\\\/uploads\\\/2020\\\/04\\\/About_Us_eZsign_e-signature.jpg\",\"width\":1655,\"height\":1104,\"caption\":\"eZsign - Signature \u00e9lectronique simple et rapide\"},{\"@type\":\"BreadcrumbList\",\"@id\":\"https:\\\/\\\/www.ezsign.com\\\/fr\\\/systemerequise\\\/#breadcrumb\",\"itemListElement\":[{\"@type\":\"ListItem\",\"position\":1,\"name\":\"Home\",\"item\":\"https:\\\/\\\/www.ezsign.com\\\/fr\\\/\"},{\"@type\":\"ListItem\",\"position\":2,\"name\":\"Configuration syst\u00e8me requise pour signer avec eZsign\u00a0\"}]},{\"@type\":\"WebSite\",\"@id\":\"https:\\\/\\\/www.ezsign.com\\\/fr\\\/#website\",\"url\":\"https:\\\/\\\/www.ezsign.com\\\/fr\\\/\",\"name\":\"eZsign\",\"description\":\"Fast and easy e-signature solution\",\"publisher\":{\"@id\":\"https:\\\/\\\/www.ezsign.com\\\/fr\\\/#organization\"},\"potentialAction\":[{\"@type\":\"SearchAction\",\"target\":{\"@type\":\"EntryPoint\",\"urlTemplate\":\"https:\\\/\\\/www.ezsign.com\\\/fr\\\/?s={search_term_string}\"},\"query-input\":{\"@type\":\"PropertyValueSpecification\",\"valueRequired\":true,\"valueName\":\"search_term_string\"}}],\"inLanguage\":\"fr-FR\"},{\"@type\":\"Organization\",\"@id\":\"https:\\\/\\\/www.ezsign.com\\\/fr\\\/#organization\",\"name\":\"EZsign - Fast and easy e-signature solution\",\"url\":\"https:\\\/\\\/www.ezsign.com\\\/fr\\\/\",\"logo\":{\"@type\":\"ImageObject\",\"inLanguage\":\"fr-FR\",\"@id\":\"https:\\\/\\\/www.ezsign.com\\\/fr\\\/#\\\/schema\\\/logo\\\/image\\\/\",\"url\":\"https:\\\/\\\/www.ezsign.com\\\/wp-content\\\/uploads\\\/2024\\\/06\\\/eZsign_logo_4C2x1.png\",\"contentUrl\":\"https:\\\/\\\/www.ezsign.com\\\/wp-content\\\/uploads\\\/2024\\\/06\\\/eZsign_logo_4C2x1.png\",\"width\":294,\"height\":116,\"caption\":\"EZsign - Fast and easy e-signature solution\"},\"image\":{\"@id\":\"https:\\\/\\\/www.ezsign.com\\\/fr\\\/#\\\/schema\\\/logo\\\/image\\\/\"},\"sameAs\":[\"https:\\\/\\\/www.facebook.com\\\/ezsign.ca\",\"https:\\\/\\\/www.instagram.com\\\/ezsign.ca\\\/\",\"https:\\\/\\\/www.linkedin.com\\\/company\\\/ezsign\",\"https:\\\/\\\/www.youtube.com\\\/channel\\\/UC-s2lR6CKIoBciOQ2A8WpCQ\"]}]}<\/script>\n<!-- \/ Yoast SEO Premium plugin. -->","yoast_head_json":{"title":"Configuration syst\u00e8me requise pour signer avec eZsign\u00a0 - eZsign","description":"La pr\u00e9sente politique de protection de la vie priv\u00e9e d\u00e9crit comment vos renseignements personnels sont recueillis lorsque vous allez sur eZmax.ca ou eZsign.ca (le \u00ab\u2009Site\u2009\u00bb) ou que vous y faites un achat, et comment ils sont ensuite utilis\u00e9s et communiqu\u00e9s \u00e0 des tiers.","robots":{"index":"index","follow":"follow","max-snippet":"max-snippet:-1","max-image-preview":"max-image-preview:large","max-video-preview":"max-video-preview:-1"},"canonical":"https:\/\/www.ezsign.com\/fr\/systemerequise\/","og_locale":"fr_FR","og_type":"article","og_title":"Configuration syst\u00e8me requise pour signer avec eZsign\u00a0","og_description":"Configuration syst\u00e8me requise pour signer avec eZsign eZsign fonctionne avec la plupart des ordinateurs et appareils mobiles r\u00e9cents. Afin d\u2019am\u00e9liorer","og_url":"https:\/\/www.ezsign.com\/fr\/systemerequise\/","og_site_name":"eZsign","article_publisher":"https:\/\/www.facebook.com\/ezsign.ca","article_modified_time":"2023-12-20T17:39:56+00:00","og_image":[{"width":1655,"height":1104,"url":"https:\/\/www.ezsign.com\/wp-content\/uploads\/2020\/04\/About_Us_eZsign_e-signature.jpg","type":"image\/jpeg"}],"twitter_card":"summary_large_image","twitter_misc":{"Dur\u00e9e de lecture estim\u00e9e":"1 minute"},"schema":{"@context":"https:\/\/schema.org","@graph":[{"@type":"WebPage","@id":"https:\/\/www.ezsign.com\/fr\/systemerequise\/","url":"https:\/\/www.ezsign.com\/fr\/systemerequise\/","name":"Configuration syst\u00e8me requise pour signer avec eZsign\u00a0 - eZsign","isPartOf":{"@id":"https:\/\/www.ezsign.com\/fr\/#website"},"primaryImageOfPage":{"@id":"https:\/\/www.ezsign.com\/fr\/systemerequise\/#primaryimage"},"image":{"@id":"https:\/\/www.ezsign.com\/fr\/systemerequise\/#primaryimage"},"thumbnailUrl":"https:\/\/www.ezsign.com\/wp-content\/uploads\/2020\/04\/About_Us_eZsign_e-signature.jpg","datePublished":"2023-06-05T17:37:19+00:00","dateModified":"2023-12-20T17:39:56+00:00","description":"La pr\u00e9sente politique de protection de la vie priv\u00e9e d\u00e9crit comment vos renseignements personnels sont recueillis lorsque vous allez sur eZmax.ca ou eZsign.ca (le \u00ab\u2009Site\u2009\u00bb) ou que vous y faites un achat, et comment ils sont ensuite utilis\u00e9s et communiqu\u00e9s \u00e0 des tiers.","breadcrumb":{"@id":"https:\/\/www.ezsign.com\/fr\/systemerequise\/#breadcrumb"},"inLanguage":"fr-FR","potentialAction":[{"@type":"ReadAction","target":["https:\/\/www.ezsign.com\/fr\/systemerequise\/"]}]},{"@type":"ImageObject","inLanguage":"fr-FR","@id":"https:\/\/www.ezsign.com\/fr\/systemerequise\/#primaryimage","url":"https:\/\/www.ezsign.com\/wp-content\/uploads\/2020\/04\/About_Us_eZsign_e-signature.jpg","contentUrl":"https:\/\/www.ezsign.com\/wp-content\/uploads\/2020\/04\/About_Us_eZsign_e-signature.jpg","width":1655,"height":1104,"caption":"eZsign - Signature \u00e9lectronique simple et rapide"},{"@type":"BreadcrumbList","@id":"https:\/\/www.ezsign.com\/fr\/systemerequise\/#breadcrumb","itemListElement":[{"@type":"ListItem","position":1,"name":"Home","item":"https:\/\/www.ezsign.com\/fr\/"},{"@type":"ListItem","position":2,"name":"Configuration syst\u00e8me requise pour signer avec eZsign\u00a0"}]},{"@type":"WebSite","@id":"https:\/\/www.ezsign.com\/fr\/#website","url":"https:\/\/www.ezsign.com\/fr\/","name":"eZsign","description":"Fast and easy e-signature solution","publisher":{"@id":"https:\/\/www.ezsign.com\/fr\/#organization"},"potentialAction":[{"@type":"SearchAction","target":{"@type":"EntryPoint","urlTemplate":"https:\/\/www.ezsign.com\/fr\/?s={search_term_string}"},"query-input":{"@type":"PropertyValueSpecification","valueRequired":true,"valueName":"search_term_string"}}],"inLanguage":"fr-FR"},{"@type":"Organization","@id":"https:\/\/www.ezsign.com\/fr\/#organization","name":"EZsign - Fast and easy e-signature solution","url":"https:\/\/www.ezsign.com\/fr\/","logo":{"@type":"ImageObject","inLanguage":"fr-FR","@id":"https:\/\/www.ezsign.com\/fr\/#\/schema\/logo\/image\/","url":"https:\/\/www.ezsign.com\/wp-content\/uploads\/2024\/06\/eZsign_logo_4C2x1.png","contentUrl":"https:\/\/www.ezsign.com\/wp-content\/uploads\/2024\/06\/eZsign_logo_4C2x1.png","width":294,"height":116,"caption":"EZsign - Fast and easy e-signature solution"},"image":{"@id":"https:\/\/www.ezsign.com\/fr\/#\/schema\/logo\/image\/"},"sameAs":["https:\/\/www.facebook.com\/ezsign.ca","https:\/\/www.instagram.com\/ezsign.ca\/","https:\/\/www.linkedin.com\/company\/ezsign","https:\/\/www.youtube.com\/channel\/UC-s2lR6CKIoBciOQ2A8WpCQ"]}]}},"_links":{"self":[{"href":"https:\/\/www.ezsign.com\/fr\/wp-json\/wp\/v2\/pages\/6587","targetHints":{"allow":["GET"]}}],"collection":[{"href":"https:\/\/www.ezsign.com\/fr\/wp-json\/wp\/v2\/pages"}],"about":[{"href":"https:\/\/www.ezsign.com\/fr\/wp-json\/wp\/v2\/types\/page"}],"author":[{"embeddable":true,"href":"https:\/\/www.ezsign.com\/fr\/wp-json\/wp\/v2\/users\/11"}],"replies":[{"embeddable":true,"href":"https:\/\/www.ezsign.com\/fr\/wp-json\/wp\/v2\/comments?post=6587"}],"version-history":[{"count":0,"href":"https:\/\/www.ezsign.com\/fr\/wp-json\/wp\/v2\/pages\/6587\/revisions"}],"wp:featuredmedia":[{"embeddable":true,"href":"https:\/\/www.ezsign.com\/fr\/wp-json\/wp\/v2\/media\/1319"}],"wp:attachment":[{"href":"https:\/\/www.ezsign.com\/fr\/wp-json\/wp\/v2\/media?parent=6587"}],"curies":[{"name":"wp","href":"https:\/\/api.w.org\/{rel}","templated":true}]}}