{"id":9112,"date":"2024-01-11T20:57:42","date_gmt":"2024-01-11T20:57:42","guid":{"rendered":"https:\/\/staging.ezsign.ca\/?page_id=9112"},"modified":"2026-01-20T07:15:06","modified_gmt":"2026-01-20T07:15:06","slug":"sitemap","status":"publish","type":"page","link":"https:\/\/www.ezsign.com\/fr\/sitemap\/","title":{"rendered":"Sitemap"},"content":{"rendered":"\t\t<div data-elementor-type=\"wp-page\" data-elementor-id=\"9112\" class=\"elementor elementor-9112\" data-elementor-post-type=\"page\">\n\t\t\t\t<div class=\"elementor-element elementor-element-20fff6cf e-flex e-con-boxed e-con e-parent\" data-id=\"20fff6cf\" data-element_type=\"container\" data-e-type=\"container\">\n\t\t\t\t\t<div class=\"e-con-inner\">\n\t\t\t\t<div class=\"elementor-element elementor-element-37e6813a elementor-widget elementor-widget-text-editor\" data-id=\"37e6813a\" data-element_type=\"widget\" data-e-type=\"widget\" data-widget_type=\"text-editor.default\">\n\t\t\t\t<div class=\"elementor-widget-container\">\n\t\t\t\t\t\t\t\t\t<p><strong>Discover Why eZsign is the BEST E-Signature App in Canada<\/strong><\/p><p><strong>ENGLISH<\/strong><\/p><p><a href=\"https:\/\/www.ezsign.com\">eZsign E-Signature Made Easier<\/a>\u00a0<\/p><p><a href=\"https:\/\/www.ezsign.com\/solutions\/\">Solutions<\/a><\/p><p><a href=\"https:\/\/www.ezsign.com\/electronic-signatures-for-small-business\/\">Small Business<\/a><\/p><p><a href=\"https:\/\/www.ezsign.com\/esignatures-for-medium-businesses\/\">Medium Business<\/a><\/p><p><a href=\"https:\/\/www.ezsign.com\/solutions\/\">Signatures<\/a><\/p><p><a href=\"https:\/\/www.ezsign.com\/solutions\/payments\/\">Payments<\/a><\/p><p><a href=\"https:\/\/www.ezsign.com\/solutions\/municipalities\/\">Municipalities<\/a><\/p><p><a href=\"https:\/\/www.ezsign.com\/solutions\/human-resources\/\">Human Resources<\/a><\/p><p><a href=\"https:\/\/www.ezsign.com\/pricing\/\">Pricing<\/a><\/p><p><a href=\"https:\/\/www.ezsign.com\/contact\/\">Contact<\/a><\/p><p>&#8212;&#8212;&#8212;&#8212;&#8212;&#8212;<\/p><p><strong>D\u00e9couvrez Pourquoi eZsign est la MEILLEURE App de Signature \u00c9lectronique au Qu\u00e9bec et partout ailleurs au Canada<\/strong><\/p><p><strong>FRAN\u00c7AIS<\/strong><\/p><p><a href=\"https:\/\/www.ezsign.com\/fr\/\">eZsign La Signature \u00c9lectronique Simplifi\u00e9e<\/a><\/p><p><a href=\"https:\/\/www.ezsign.com\/fr\/solutions\/\">Solutions<\/a><\/p><p><a href=\"https:\/\/www.ezsign.com\/fr\/signature-electronique-pour-les-petites-entreprises\/\">Petite Entreprise<\/a><\/p><p><a href=\"https:\/\/www.ezsign.com\/fr\/signatures-electroniques-pour-les-moyennes-entreprises\/\">Moyenne Entreprise<\/a><\/p><p><a href=\"https:\/\/www.ezsign.com\/fr\/signatures-electroniques-pour-les-entreprises\/\">Entreprise<\/a><\/p><p><a href=\"https:\/\/www.ezsign.com\/fr\/solutions\/\">Signatures<\/a><\/p><p><a href=\"https:\/\/www.ezsign.com\/fr\/solutions\/paiements\/\">Paiements<\/a><\/p><p><a href=\"https:\/\/www.ezsign.com\/fr\/solutions\/municipalites\/\">Municipalit\u00e9s<\/a><\/p><p><a href=\"https:\/\/www.ezsign.com\/fr\/solutions\/ressources-humaines\/\">Ressources Humaines<\/a><\/p><p><a href=\"https:\/\/www.ezsign.com\/fr\/tarifications\/\">Tarification<\/a><\/p><p><a href=\"https:\/\/www.ezsign.com\/fr\/contactez-nous\/\">Contactez-Nous\u00a0<\/a><\/p>\t\t\t\t\t\t\t\t<\/div>\n\t\t\t\t<\/div>\n\t\t\t\t\t<\/div>\n\t\t\t\t<\/div>\n\t\t\t\t<\/div>\n\t\t","protected":false},"excerpt":{"rendered":"<p>Discover Why eZsign is the BEST E-Signature App &#8211; D\u00e9couvrez Pourquoi eZsign est la MEILLEURE App de Signature \u00c9lectronique<\/p>\n","protected":false},"author":11,"featured_media":0,"parent":0,"menu_order":0,"comment_status":"closed","ping_status":"closed","template":"","meta":{"content-type":"","footnotes":""},"class_list":["post-9112","page","type-page","status-publish","hentry"],"yoast_head":"<!-- This site is optimized with the Yoast SEO Premium plugin v25.1 (Yoast SEO v27.4) - https:\/\/yoast.com\/product\/yoast-seo-premium-wordpress\/ -->\n<title>Sitemap - eZsign<\/title>\n<meta name=\"description\" content=\"Discover Why eZsign is the BEST E-Signature App - D\u00e9couvrez Pourquoi eZsign est la MEILLEURE App de Signature \u00c9lectronique\" \/>\n<meta name=\"robots\" content=\"index, follow, max-snippet:-1, max-image-preview:large, max-video-preview:-1\" \/>\n<link rel=\"canonical\" href=\"https:\/\/www.ezsign.com\/fr\/sitemap\/\" \/>\n<meta property=\"og:locale\" content=\"fr_FR\" \/>\n<meta property=\"og:type\" content=\"article\" \/>\n<meta property=\"og:title\" content=\"Sitemap\" \/>\n<meta property=\"og:description\" content=\"Discover Why eZsign is the BEST E-Signature App - D\u00e9couvrez Pourquoi eZsign est la MEILLEURE App de Signature \u00c9lectronique\" \/>\n<meta property=\"og:url\" content=\"https:\/\/www.ezsign.com\/fr\/sitemap\/\" \/>\n<meta property=\"og:site_name\" content=\"eZsign\" \/>\n<meta property=\"article:publisher\" content=\"https:\/\/www.facebook.com\/ezsign.ca\" \/>\n<meta property=\"article:modified_time\" content=\"2026-01-20T07:15:06+00:00\" \/>\n<meta property=\"og:image\" content=\"https:\/\/www.ezsign.com\/wp-content\/uploads\/2024\/06\/eZsign_logo_4C2x1.png\" \/>\n\t<meta property=\"og:image:width\" content=\"294\" \/>\n\t<meta property=\"og:image:height\" content=\"116\" \/>\n\t<meta property=\"og:image:type\" content=\"image\/png\" \/>\n<meta name=\"twitter:card\" content=\"summary_large_image\" \/>\n<meta name=\"twitter:label1\" content=\"Dur\u00e9e de lecture estim\u00e9e\" \/>\n\t<meta name=\"twitter:data1\" content=\"1 minute\" \/>\n<script type=\"application\/ld+json\" class=\"yoast-schema-graph\">{\"@context\":\"https:\\\/\\\/schema.org\",\"@graph\":[{\"@type\":\"WebPage\",\"@id\":\"https:\\\/\\\/www.ezsign.com\\\/fr\\\/sitemap\\\/\",\"url\":\"https:\\\/\\\/www.ezsign.com\\\/fr\\\/sitemap\\\/\",\"name\":\"Sitemap - eZsign\",\"isPartOf\":{\"@id\":\"https:\\\/\\\/www.ezsign.com\\\/fr\\\/#website\"},\"datePublished\":\"2024-01-11T20:57:42+00:00\",\"dateModified\":\"2026-01-20T07:15:06+00:00\",\"description\":\"Discover Why eZsign is the BEST E-Signature App - D\u00e9couvrez Pourquoi eZsign est la MEILLEURE App de Signature \u00c9lectronique\",\"breadcrumb\":{\"@id\":\"https:\\\/\\\/www.ezsign.com\\\/fr\\\/sitemap\\\/#breadcrumb\"},\"inLanguage\":\"fr-FR\",\"potentialAction\":[{\"@type\":\"ReadAction\",\"target\":[\"https:\\\/\\\/www.ezsign.com\\\/fr\\\/sitemap\\\/\"]}]},{\"@type\":\"BreadcrumbList\",\"@id\":\"https:\\\/\\\/www.ezsign.com\\\/fr\\\/sitemap\\\/#breadcrumb\",\"itemListElement\":[{\"@type\":\"ListItem\",\"position\":1,\"name\":\"Home\",\"item\":\"https:\\\/\\\/www.ezsign.com\\\/fr\\\/\"},{\"@type\":\"ListItem\",\"position\":2,\"name\":\"Sitemap\"}]},{\"@type\":\"WebSite\",\"@id\":\"https:\\\/\\\/www.ezsign.com\\\/fr\\\/#website\",\"url\":\"https:\\\/\\\/www.ezsign.com\\\/fr\\\/\",\"name\":\"eZsign\",\"description\":\"Fast and easy e-signature solution\",\"publisher\":{\"@id\":\"https:\\\/\\\/www.ezsign.com\\\/fr\\\/#organization\"},\"potentialAction\":[{\"@type\":\"SearchAction\",\"target\":{\"@type\":\"EntryPoint\",\"urlTemplate\":\"https:\\\/\\\/www.ezsign.com\\\/fr\\\/?s={search_term_string}\"},\"query-input\":{\"@type\":\"PropertyValueSpecification\",\"valueRequired\":true,\"valueName\":\"search_term_string\"}}],\"inLanguage\":\"fr-FR\"},{\"@type\":\"Organization\",\"@id\":\"https:\\\/\\\/www.ezsign.com\\\/fr\\\/#organization\",\"name\":\"EZsign - Fast and easy e-signature solution\",\"url\":\"https:\\\/\\\/www.ezsign.com\\\/fr\\\/\",\"logo\":{\"@type\":\"ImageObject\",\"inLanguage\":\"fr-FR\",\"@id\":\"https:\\\/\\\/www.ezsign.com\\\/fr\\\/#\\\/schema\\\/logo\\\/image\\\/\",\"url\":\"https:\\\/\\\/www.ezsign.com\\\/wp-content\\\/uploads\\\/2024\\\/06\\\/eZsign_logo_4C2x1.png\",\"contentUrl\":\"https:\\\/\\\/www.ezsign.com\\\/wp-content\\\/uploads\\\/2024\\\/06\\\/eZsign_logo_4C2x1.png\",\"width\":294,\"height\":116,\"caption\":\"EZsign - Fast and easy e-signature solution\"},\"image\":{\"@id\":\"https:\\\/\\\/www.ezsign.com\\\/fr\\\/#\\\/schema\\\/logo\\\/image\\\/\"},\"sameAs\":[\"https:\\\/\\\/www.facebook.com\\\/ezsign.ca\",\"https:\\\/\\\/www.instagram.com\\\/ezsign.ca\\\/\",\"https:\\\/\\\/www.linkedin.com\\\/company\\\/ezsign\",\"https:\\\/\\\/www.youtube.com\\\/channel\\\/UC-s2lR6CKIoBciOQ2A8WpCQ\"]}]}<\/script>\n<!-- \/ Yoast SEO Premium plugin. -->","yoast_head_json":{"title":"Sitemap - eZsign","description":"Discover Why eZsign is the BEST E-Signature App - D\u00e9couvrez Pourquoi eZsign est la MEILLEURE App de Signature \u00c9lectronique","robots":{"index":"index","follow":"follow","max-snippet":"max-snippet:-1","max-image-preview":"max-image-preview:large","max-video-preview":"max-video-preview:-1"},"canonical":"https:\/\/www.ezsign.com\/fr\/sitemap\/","og_locale":"fr_FR","og_type":"article","og_title":"Sitemap","og_description":"Discover Why eZsign is the BEST E-Signature App - D\u00e9couvrez Pourquoi eZsign est la MEILLEURE App de Signature \u00c9lectronique","og_url":"https:\/\/www.ezsign.com\/fr\/sitemap\/","og_site_name":"eZsign","article_publisher":"https:\/\/www.facebook.com\/ezsign.ca","article_modified_time":"2026-01-20T07:15:06+00:00","og_image":[{"width":294,"height":116,"url":"https:\/\/www.ezsign.com\/wp-content\/uploads\/2024\/06\/eZsign_logo_4C2x1.png","type":"image\/png"}],"twitter_card":"summary_large_image","twitter_misc":{"Dur\u00e9e de lecture estim\u00e9e":"1 minute"},"schema":{"@context":"https:\/\/schema.org","@graph":[{"@type":"WebPage","@id":"https:\/\/www.ezsign.com\/fr\/sitemap\/","url":"https:\/\/www.ezsign.com\/fr\/sitemap\/","name":"Sitemap - eZsign","isPartOf":{"@id":"https:\/\/www.ezsign.com\/fr\/#website"},"datePublished":"2024-01-11T20:57:42+00:00","dateModified":"2026-01-20T07:15:06+00:00","description":"Discover Why eZsign is the BEST E-Signature App - D\u00e9couvrez Pourquoi eZsign est la MEILLEURE App de Signature \u00c9lectronique","breadcrumb":{"@id":"https:\/\/www.ezsign.com\/fr\/sitemap\/#breadcrumb"},"inLanguage":"fr-FR","potentialAction":[{"@type":"ReadAction","target":["https:\/\/www.ezsign.com\/fr\/sitemap\/"]}]},{"@type":"BreadcrumbList","@id":"https:\/\/www.ezsign.com\/fr\/sitemap\/#breadcrumb","itemListElement":[{"@type":"ListItem","position":1,"name":"Home","item":"https:\/\/www.ezsign.com\/fr\/"},{"@type":"ListItem","position":2,"name":"Sitemap"}]},{"@type":"WebSite","@id":"https:\/\/www.ezsign.com\/fr\/#website","url":"https:\/\/www.ezsign.com\/fr\/","name":"eZsign","description":"Fast and easy e-signature solution","publisher":{"@id":"https:\/\/www.ezsign.com\/fr\/#organization"},"potentialAction":[{"@type":"SearchAction","target":{"@type":"EntryPoint","urlTemplate":"https:\/\/www.ezsign.com\/fr\/?s={search_term_string}"},"query-input":{"@type":"PropertyValueSpecification","valueRequired":true,"valueName":"search_term_string"}}],"inLanguage":"fr-FR"},{"@type":"Organization","@id":"https:\/\/www.ezsign.com\/fr\/#organization","name":"EZsign - Fast and easy e-signature solution","url":"https:\/\/www.ezsign.com\/fr\/","logo":{"@type":"ImageObject","inLanguage":"fr-FR","@id":"https:\/\/www.ezsign.com\/fr\/#\/schema\/logo\/image\/","url":"https:\/\/www.ezsign.com\/wp-content\/uploads\/2024\/06\/eZsign_logo_4C2x1.png","contentUrl":"https:\/\/www.ezsign.com\/wp-content\/uploads\/2024\/06\/eZsign_logo_4C2x1.png","width":294,"height":116,"caption":"EZsign - Fast and easy e-signature solution"},"image":{"@id":"https:\/\/www.ezsign.com\/fr\/#\/schema\/logo\/image\/"},"sameAs":["https:\/\/www.facebook.com\/ezsign.ca","https:\/\/www.instagram.com\/ezsign.ca\/","https:\/\/www.linkedin.com\/company\/ezsign","https:\/\/www.youtube.com\/channel\/UC-s2lR6CKIoBciOQ2A8WpCQ"]}]}},"_links":{"self":[{"href":"https:\/\/www.ezsign.com\/fr\/wp-json\/wp\/v2\/pages\/9112","targetHints":{"allow":["GET"]}}],"collection":[{"href":"https:\/\/www.ezsign.com\/fr\/wp-json\/wp\/v2\/pages"}],"about":[{"href":"https:\/\/www.ezsign.com\/fr\/wp-json\/wp\/v2\/types\/page"}],"author":[{"embeddable":true,"href":"https:\/\/www.ezsign.com\/fr\/wp-json\/wp\/v2\/users\/11"}],"replies":[{"embeddable":true,"href":"https:\/\/www.ezsign.com\/fr\/wp-json\/wp\/v2\/comments?post=9112"}],"version-history":[{"count":0,"href":"https:\/\/www.ezsign.com\/fr\/wp-json\/wp\/v2\/pages\/9112\/revisions"}],"wp:attachment":[{"href":"https:\/\/www.ezsign.com\/fr\/wp-json\/wp\/v2\/media?parent=9112"}],"curies":[{"name":"wp","href":"https:\/\/api.w.org\/{rel}","templated":true}]}}